{"id":528164,"date":"2026-02-02T11:53:44","date_gmt":"2026-02-02T11:53:44","guid":{"rendered":"https:\/\/veteo.eu\/?page_id=528164"},"modified":"2026-02-02T11:53:44","modified_gmt":"2026-02-02T11:53:44","slug":"how-does-the-sample-submission-work-3","status":"publish","type":"page","link":"https:\/\/veteo.eu\/en\/how-does-the-sample-submission-work-3\/","title":{"rendered":"How does the sample submission work?"},"content":{"rendered":"<div class=\"wpb-content-wrapper\"><p>[vc_row equal_height=&#8221;yes&#8221; content_placement=&#8221;middle&#8221; css=&#8221;.vc_custom_1741767538622{margin-top: 50px !important;}&#8221;][vc_column width=&#8221;2\/3&#8243;][vc_column_text css=&#8221;.vc_custom_1741767533195{margin-top: 50px !important;}&#8221;]<\/p>\n<h3><strong>1. Collect the sample and label the sample container with a barcode<\/strong><\/h3>\n<p>[\/vc_column_text]<div class=\"standard-arrow list-divider bullet-top\"><ul>\n<li>Die Art des ben\u00f6tigten Materials sowie das erforderliche Volumen f\u00fcr die Analyse sind in <a href=\"https:\/\/portal.veteo.eu\/Account\/Login?ReturnUrl=%2F\">unserem Portal<\/a> bei den jeweiligen Untersuchungen angegeben.<\/li>\n<li>Achtung Verwechslungsgefahr! Farbcode: Unsere Serumr\u00f6hrchen sind ROT, EDTA-R\u00f6hrchen LILA<\/li>\n<li>Auf die Menge kommt es an: Bei der Blutentnahme bitte den F\u00fcllstrich beachten, dieser variiert bei den verschiedenen R\u00f6hrchen\n<ul>\n<li>Eine zu hohe F\u00fcllmenge l\u00e4sst das Blut unter Umst\u00e4nden gerinnen<\/li>\n<\/ul>\n<\/li>\n<li>Wenn Sie keinen Barcode zur Hand haben, k\u00f6nnen Sie einen Code im Portal generieren lassen und mit einem Permanent Marker \u00fcbertragen<\/li>\n<li>Wenn Sie noch kein Kunde bei uns sind, senden Sie uns bitte das\u00a0<a href=\"https:\/\/veteo.eu\/start-der-zusammenarbeit\/#kundenkonto-erstellen\">Formular<\/a>\u00a0\u2013 wir kontaktieren Sie, legen Ihr Kundenkonto im Kundenportal an und senden Ihnen kostenlos ein Starterpaket zu.<\/li>\n<\/ul>\n<\/div>[\/vc_column][vc_column width=&#8221;1\/3&#8243;][vc_single_image image=&#8221;519263&#8243; img_size=&#8221;full&#8221; css_animation=&#8221;bounceInRight&#8221; css=&#8221;&#8221;][\/vc_column][\/vc_row][vc_row equal_height=&#8221;yes&#8221; content_placement=&#8221;middle&#8221;][vc_column width=&#8221;1\/3&#8243;][vc_single_image image=&#8221;523657&#8243; img_size=&#8221;full&#8221; css_animation=&#8221;bounceInLeft&#8221; css=&#8221;&#8221;][\/vc_column][vc_column width=&#8221;2\/3&#8243;][vc_column_text css=&#8221;&#8221;]<\/p>\n<h3>2. Untersuchung im Kundenportal oder \u00fcber die Veteo-App anfordern<\/h3>\n<p>[\/vc_column_text]<div class=\"standard-arrow list-divider bullet-top\"><ul>\n<li>Melden Sie sich in Ihrem <a href=\"https:\/\/portal.veteo.eu\">Kundenportal<\/a> oder in der Veteo-App an und gehen Sie zum Bereich \u201eTestanforderung\u201c. (Wenn Sie noch keinen Zugang haben, <a href=\"https:\/\/veteo.eu\/start-der-zusammenarbeit\/#kundenkonto-erstellen\">f\u00fcllen Sie bitte das Formular<\/a> aus oder rufen Sie uns an)<\/li>\n<li>F\u00fcllen Sie die Informationen \u00fcber den Tierhalter und den Patienten aus, w\u00e4hlen Sie die gew\u00fcnschte Untersuchung und geben Sie die Art des eingesandten Materials an. Bitte beachten Sie, dass Serum oder Plasma zentrifugiert eingesandt werden soll.<\/li>\n<li>Geben Sie die Barcode-Nummer ein, mit der Sie alle Proben f\u00fcr den jeweiligen Auftrag gekennzeichnet haben. Falls Sie keinen Barcode haben, k\u00f6nnen Sie einen Code im Feld \u201efehlender Code\u201c generieren. Beschriften Sie die Probenbeh\u00e4lter mit diesem Code.<\/li>\n<li>Bitte legen Sie keinen gedruckten Untersuchungsantrag der Probe bei.<\/li>\n<\/ul>\n<\/div>[\/vc_column][\/vc_row][vc_row equal_height=&#8221;yes&#8221; content_placement=&#8221;middle&#8221;][vc_column width=&#8221;2\/3&#8243;][vc_column_text css=&#8221;&#8221;]<\/p>\n<h3>3. Safely pack and send the samples<\/h3>\n<p>[\/vc_column_text]<div class=\"standard-arrow list-divider bullet-top\"><ul>\n<li>Kennzeichnen Sie die Probenversandt\u00fcte, in die Sie die Proben f\u00fcr den jeweiligen Auftrag verpacken, mit demselben Barcode.<\/li>\n<li>Achten Sie darauf, dass das Material ordnungsgem\u00e4\u00df gesichert ist.<\/li>\n<\/ul>\n<\/div>[\/vc_column][vc_column width=&#8221;1\/3&#8243;][vc_single_image image=&#8221;519261&#8243; img_size=&#8221;full&#8221; css_animation=&#8221;bounceInRight&#8221; css=&#8221;&#8221;][\/vc_column][\/vc_row][vc_row equal_height=&#8221;yes&#8221; content_placement=&#8221;middle&#8221;][vc_column width=&#8221;1\/3&#8243;][vc_single_image image=&#8221;519260&#8243; img_size=&#8221;full&#8221; css_animation=&#8221;bounceInLeft&#8221; css=&#8221;&#8221;][\/vc_column][vc_column width=&#8221;2\/3&#8243;][vc_column_text css=&#8221;&#8221;]<\/p>\n<h3>4. Download test results<\/h3>\n<p>[\/vc_column_text]<div class=\"standard-arrow list-divider bullet-top\"><ul>\n<li>Lab test results can be downloaded directly in your <a href=\"https:\/\/portal.veteo.eu\/\">client portal <\/a>or via the Veteo app.<\/li>\n<li>Integration with most veterinary software providers is underway.<\/li>\n<\/ul>\n<\/div>[\/vc_column][\/vc_row][vc_row equal_height=&#8221;yes&#8221; content_placement=&#8221;middle&#8221;][vc_column width=&#8221;2\/3&#8243;][vc_column_text css=&#8221;&#8221;]<\/p>\n<h3>5. Billing<\/h3>\n<p>[\/vc_column_text]<div class=\"standard-arrow list-divider bullet-top\"><ul>\n<li>Die Untersuchungen werden monatlich mit dem Einseder abgerechnet. Die Rechnung mit einer \u00dcbersicht der im letzten Monat durchgef\u00fchrten Tests wird an die Adresse des Auftraggebers gesendet. Rechnungen sind auch im\u00a0<a href=\"https:\/\/portal.veteo.eu\/\">Kundenportal<\/a>\u00a0oder in der Veteo-App verf\u00fcgbar.<\/li>\n<li>Eine Abrechnung mit dem Tierhalter ist ebenfalls m\u00f6glich, markieren Sie hierzu bei der Probenanmeldung das entsprechende Feld<\/li>\n<\/ul>\n<\/div>[\/vc_column][vc_column width=&#8221;1\/3&#8243;][vc_single_image image=&#8221;519259&#8243; img_size=&#8221;full&#8221; css_animation=&#8221;bounceInRight&#8221; css=&#8221;&#8221;][\/vc_column][\/vc_row]<\/p>\n<\/div>","protected":false},"excerpt":{"rendered":"<p>[vc_row equal_height=&#8221;yes&#8221; content_placement=&#8221;middle&#8221; css=&#8221;.vc_custom_1741767538622{margin-top: 50px !important;}&#8221;][vc_column width=&#8221;2\/3&#8243;][vc_column_text css=&#8221;.vc_custom_1741767533195{margin-top: 50px !important;}&#8221;] 1. Collect the sample and label the sample container with a barcode [\/vc_column_text][\/vc_column][vc_column width=&#8221;1\/3&#8243;][vc_single_image image=&#8221;519263&#8243; img_size=&#8221;full&#8221; css_animation=&#8221;bounceInRight&#8221; css=&#8221;&#8221;][\/vc_column][\/vc_row][vc_row equal_height=&#8221;yes&#8221; content_placement=&#8221;middle&#8221;][vc_column width=&#8221;1\/3&#8243;][vc_single_image image=&#8221;523657&#8243; img_size=&#8221;full&#8221; css_animation=&#8221;bounceInLeft&#8221; css=&#8221;&#8221;][\/vc_column][vc_column width=&#8221;2\/3&#8243;][vc_column_text css=&#8221;&#8221;] 2. Untersuchung im Kundenportal oder \u00fcber die Veteo-App anfordern [\/vc_column_text][\/vc_column][\/vc_row][vc_row equal_height=&#8221;yes&#8221; content_placement=&#8221;middle&#8221;][vc_column width=&#8221;2\/3&#8243;][vc_column_text css=&#8221;&#8221;] 3. Safely pack and&hellip;<\/p>\n","protected":false},"author":8,"featured_media":0,"parent":0,"menu_order":0,"comment_status":"closed","ping_status":"closed","template":"","meta":{"_acf_changed":false,"footnotes":""},"class_list":["post-528164","page","type-page","status-publish","hentry","description-off"],"acf":[],"yoast_head":"<!-- This site is optimized with the Yoast SEO plugin v24.1 - https:\/\/yoast.com\/wordpress\/plugins\/seo\/ -->\n<title>How does the sample submission work? - veteo.eu - digitales Veterin\u00e4rlabor in Augsburg<\/title>\n<meta name=\"description\" content=\"How to send samples safely \u2013 step-by-step instructions for veterinarians in Augsburg for accurate laboratory diagnostics.\" \/>\n<meta name=\"robots\" content=\"index, follow, max-snippet:-1, max-image-preview:large, max-video-preview:-1\" \/>\n<link rel=\"canonical\" href=\"https:\/\/veteo.eu\/en\/how-does-the-sample-submission-work-3\/\" \/>\n<meta property=\"og:locale\" content=\"en_US\" \/>\n<meta property=\"og:type\" content=\"article\" \/>\n<meta property=\"og:title\" content=\"How does the sample submission work? - veteo.eu - digitales Veterin\u00e4rlabor in Augsburg\" \/>\n<meta property=\"og:description\" content=\"How to send samples safely \u2013 step-by-step instructions for veterinarians in Augsburg for accurate laboratory diagnostics.\" \/>\n<meta property=\"og:url\" content=\"https:\/\/veteo.eu\/en\/how-does-the-sample-submission-work-3\/\" \/>\n<meta property=\"og:site_name\" content=\"veteo.eu - digitales Veterin\u00e4rlabor in Augsburg\" \/>\n<meta name=\"twitter:card\" content=\"summary_large_image\" \/>\n<meta name=\"twitter:label1\" content=\"Est. reading time\" \/>\n\t<meta name=\"twitter:data1\" content=\"4 minutes\" \/>\n<script type=\"application\/ld+json\" class=\"yoast-schema-graph\">{\"@context\":\"https:\/\/schema.org\",\"@graph\":[{\"@type\":\"WebPage\",\"@id\":\"https:\/\/veteo.eu\/en\/how-does-the-sample-submission-work-3\/\",\"url\":\"https:\/\/veteo.eu\/en\/how-does-the-sample-submission-work-3\/\",\"name\":\"How does the sample submission work? - veteo.eu - digitales Veterin\u00e4rlabor in Augsburg\",\"isPartOf\":{\"@id\":\"https:\/\/veteo.eu\/#website\"},\"datePublished\":\"2026-02-02T11:53:44+00:00\",\"dateModified\":\"2026-02-02T11:53:44+00:00\",\"description\":\"How to send samples safely \u2013 step-by-step instructions for veterinarians in Augsburg for accurate laboratory diagnostics.\",\"breadcrumb\":{\"@id\":\"https:\/\/veteo.eu\/en\/how-does-the-sample-submission-work-3\/#breadcrumb\"},\"inLanguage\":\"en-US\",\"potentialAction\":[{\"@type\":\"ReadAction\",\"target\":[\"https:\/\/veteo.eu\/en\/how-does-the-sample-submission-work-3\/\"]}]},{\"@type\":\"BreadcrumbList\",\"@id\":\"https:\/\/veteo.eu\/en\/how-does-the-sample-submission-work-3\/#breadcrumb\",\"itemListElement\":[{\"@type\":\"ListItem\",\"position\":1,\"name\":\"Strona g\u0142\u00f3wna\",\"item\":\"https:\/\/veteo.eu\/en\/\"},{\"@type\":\"ListItem\",\"position\":2,\"name\":\"How does the sample submission work?\"}]},{\"@type\":\"WebSite\",\"@id\":\"https:\/\/veteo.eu\/#website\",\"url\":\"https:\/\/veteo.eu\/\",\"name\":\"veteo.eu - digitales Veterin\u00e4rlabor in Augsburg\",\"description\":\"Digitales Veterin\u00e4rlabor in Augsburg verbindet Innovation mit Erfahrung\",\"potentialAction\":[{\"@type\":\"SearchAction\",\"target\":{\"@type\":\"EntryPoint\",\"urlTemplate\":\"https:\/\/veteo.eu\/?s={search_term_string}\"},\"query-input\":{\"@type\":\"PropertyValueSpecification\",\"valueRequired\":true,\"valueName\":\"search_term_string\"}}],\"inLanguage\":\"en-US\"}]}<\/script>\n<!-- \/ Yoast SEO plugin. -->","yoast_head_json":{"title":"How does the sample submission work? - veteo.eu - digitales Veterin\u00e4rlabor in Augsburg","description":"How to send samples safely \u2013 step-by-step instructions for veterinarians in Augsburg for accurate laboratory diagnostics.","robots":{"index":"index","follow":"follow","max-snippet":"max-snippet:-1","max-image-preview":"max-image-preview:large","max-video-preview":"max-video-preview:-1"},"canonical":"https:\/\/veteo.eu\/en\/how-does-the-sample-submission-work-3\/","og_locale":"en_US","og_type":"article","og_title":"How does the sample submission work? - veteo.eu - digitales Veterin\u00e4rlabor in Augsburg","og_description":"How to send samples safely \u2013 step-by-step instructions for veterinarians in Augsburg for accurate laboratory diagnostics.","og_url":"https:\/\/veteo.eu\/en\/how-does-the-sample-submission-work-3\/","og_site_name":"veteo.eu - digitales Veterin\u00e4rlabor in Augsburg","twitter_card":"summary_large_image","twitter_misc":{"Est. reading time":"4 minutes"},"schema":{"@context":"https:\/\/schema.org","@graph":[{"@type":"WebPage","@id":"https:\/\/veteo.eu\/en\/how-does-the-sample-submission-work-3\/","url":"https:\/\/veteo.eu\/en\/how-does-the-sample-submission-work-3\/","name":"How does the sample submission work? - veteo.eu - digitales Veterin\u00e4rlabor in Augsburg","isPartOf":{"@id":"https:\/\/veteo.eu\/#website"},"datePublished":"2026-02-02T11:53:44+00:00","dateModified":"2026-02-02T11:53:44+00:00","description":"How to send samples safely \u2013 step-by-step instructions for veterinarians in Augsburg for accurate laboratory diagnostics.","breadcrumb":{"@id":"https:\/\/veteo.eu\/en\/how-does-the-sample-submission-work-3\/#breadcrumb"},"inLanguage":"en-US","potentialAction":[{"@type":"ReadAction","target":["https:\/\/veteo.eu\/en\/how-does-the-sample-submission-work-3\/"]}]},{"@type":"BreadcrumbList","@id":"https:\/\/veteo.eu\/en\/how-does-the-sample-submission-work-3\/#breadcrumb","itemListElement":[{"@type":"ListItem","position":1,"name":"Strona g\u0142\u00f3wna","item":"https:\/\/veteo.eu\/en\/"},{"@type":"ListItem","position":2,"name":"How does the sample submission work?"}]},{"@type":"WebSite","@id":"https:\/\/veteo.eu\/#website","url":"https:\/\/veteo.eu\/","name":"veteo.eu - digitales Veterin\u00e4rlabor in Augsburg","description":"Digitales Veterin\u00e4rlabor in Augsburg verbindet Innovation mit Erfahrung","potentialAction":[{"@type":"SearchAction","target":{"@type":"EntryPoint","urlTemplate":"https:\/\/veteo.eu\/?s={search_term_string}"},"query-input":{"@type":"PropertyValueSpecification","valueRequired":true,"valueName":"search_term_string"}}],"inLanguage":"en-US"}]}},"_links":{"self":[{"href":"https:\/\/veteo.eu\/en\/wp-json\/wp\/v2\/pages\/528164","targetHints":{"allow":["GET"]}}],"collection":[{"href":"https:\/\/veteo.eu\/en\/wp-json\/wp\/v2\/pages"}],"about":[{"href":"https:\/\/veteo.eu\/en\/wp-json\/wp\/v2\/types\/page"}],"author":[{"embeddable":true,"href":"https:\/\/veteo.eu\/en\/wp-json\/wp\/v2\/users\/8"}],"replies":[{"embeddable":true,"href":"https:\/\/veteo.eu\/en\/wp-json\/wp\/v2\/comments?post=528164"}],"version-history":[{"count":1,"href":"https:\/\/veteo.eu\/en\/wp-json\/wp\/v2\/pages\/528164\/revisions"}],"predecessor-version":[{"id":528312,"href":"https:\/\/veteo.eu\/en\/wp-json\/wp\/v2\/pages\/528164\/revisions\/528312"}],"wp:attachment":[{"href":"https:\/\/veteo.eu\/en\/wp-json\/wp\/v2\/media?parent=528164"}],"curies":[{"name":"wp","href":"https:\/\/api.w.org\/{rel}","templated":true}]}}